{"id":547,"date":"2021-06-29T20:39:30","date_gmt":"2021-06-29T17:39:30","guid":{"rendered":"http:\/\/axonenviro.gr\/?page_id=547"},"modified":"2025-10-27T14:37:41","modified_gmt":"2025-10-27T11:37:41","slug":"epistimonikes-dimosieyseis","status":"publish","type":"page","link":"http:\/\/axonenviro.gr\/en\/epistimonikes-dimosieyseis\/","title":{"rendered":"Scientific Publications"},"content":{"rendered":"<div data-elementor-type=\"wp-page\" data-elementor-id=\"547\" class=\"elementor elementor-547\" data-elementor-post-type=\"page\">\n\t\t\t\t\t\t<section class=\"elementor-section elementor-top-section elementor-element elementor-element-0453bf0 elementor-section-height-min-height elementor-section-boxed elementor-section-height-default elementor-section-items-middle\" data-id=\"0453bf0\" data-element_type=\"section\" data-e-type=\"section\" data-settings=\"{&quot;background_background&quot;:&quot;classic&quot;}\">\n\t\t\t\t\t\t<div class=\"elementor-container elementor-column-gap-default\">\n\t\t\t\t\t<div class=\"elementor-column elementor-col-100 elementor-top-column elementor-element elementor-element-fb0ff79\" data-id=\"fb0ff79\" data-element_type=\"column\" data-e-type=\"column\" data-settings=\"{&quot;background_background&quot;:&quot;classic&quot;}\">\n\t\t\t<div class=\"elementor-widget-wrap elementor-element-populated\">\n\t\t\t\t\t\t<div class=\"elementor-element elementor-element-7153165 elementor-widget elementor-widget-heading\" data-id=\"7153165\" data-element_type=\"widget\" data-e-type=\"widget\" data-widget_type=\"heading.default\">\n\t\t\t\t<div class=\"elementor-widget-container\">\n\t\t\t\t\t<h2 class=\"elementor-heading-title elementor-size-default\">Scientific Publications<\/h2>\t\t\t\t<\/div>\n\t\t\t\t<\/div>\n\t\t\t\t\t<\/div>\n\t\t<\/div>\n\t\t\t\t\t<\/div>\n\t\t<\/section>\n\t\t\t\t<section class=\"elementor-section elementor-top-section elementor-element elementor-element-682680e elementor-section-boxed elementor-section-height-default elementor-section-height-default\" data-id=\"682680e\" data-element_type=\"section\" data-e-type=\"section\">\n\t\t\t\t\t\t<div class=\"elementor-container elementor-column-gap-default\">\n\t\t\t\t\t<div class=\"elementor-column elementor-col-100 elementor-top-column elementor-element elementor-element-cf25109\" data-id=\"cf25109\" data-element_type=\"column\" data-e-type=\"column\">\n\t\t\t<div class=\"elementor-widget-wrap elementor-element-populated\">\n\t\t\t\t\t\t<div class=\"elementor-element elementor-element-a648f5b elementor-widget elementor-widget-spacer\" data-id=\"a648f5b\" data-element_type=\"widget\" data-e-type=\"widget\" data-widget_type=\"spacer.default\">\n\t\t\t\t<div class=\"elementor-widget-container\">\n\t\t\t\t\t\t\t<div class=\"elementor-spacer\">\n\t\t\t<div class=\"elementor-spacer-inner\"><\/div>\n\t\t<\/div>\n\t\t\t\t\t\t<\/div>\n\t\t\t\t<\/div>\n\t\t\t\t<div class=\"elementor-element elementor-element-e04b382 elementor-widget elementor-widget-text-editor\" data-id=\"e04b382\" data-element_type=\"widget\" data-e-type=\"widget\" data-widget_type=\"text-editor.default\">\n\t\t\t\t<div class=\"elementor-widget-container\">\n\t\t\t\t\t\t\t\t\t<ol><li>Dimitris K. Papanastasiou, Athanasios I. Gelasakis, Georgios Papadopoulos, Dimitrios Melas, Kostas Douvis, Ioannis Faraslis, Stavros Ch. Keppas, Ioannis Stergiou, Anastasia Poupkou, Dimitris Voloudakis, Athena G. Progiou, John Kapsomenakis, Nikolaos Katsoulas, Projected heat-stress in sheep and cattle in Greece under future climate change scenarios, Agriculture, 2025, Volume 15, Issue 20, 2141 <span style=\"color: #333333;\"><a style=\"color: #333333;\" href=\"https:\/\/doi.org\/10.3390\/agriculture15202141\">https:\/\/doi.org\/10.3390\/agriculture15202141<\/a><\/span><\/li><li>Papanastasiou, D., Melas, D., Poupkou, A., Keppas, S., Voloudakis, D., Faraslis, I., Elvanidi, A., Gelasakis, A., Maletsika, P., Kapsomenakis, J., Douvis, K., Stergiou, I., Progiou, A. and Katsoulas, N., 2024. \u201cThe AGRO FUTURE CLIMATE STRESS Project: Crop and livestock stress under climate change scenarios\u201d. AgEng 2024 Conference, Agricultural Engineering challenges in existing and new agroecosystems, 1-4 July 2024, Athens, Greece<\/li><li>Liora, N.; Poupkou, A.; Kontos, S.; Fameli, K.-M.; Remoundos, G.; Grigoriadis, A.; Fragkou, E.; Assimakopoulos, V.; Bougiatioti, A.; Grivas, G.; et al. Air Quality Benefits of Ship Electrification: A Modeling Case Study for Saronic Gulf, Greece.\u00a0<em>Environ. Earth Sci. Proc.<\/em>\u00a02025,\u00a0<em>35<\/em>, 12. https:\/\/doi.org\/10.3390\/eesp2025035012<\/li><li>Poupkou,A.;Kontos,S.; Liora, N.; Tsiaousidis, D.; Kapsomenakis,I.; Solomos,S.; Liakakou, E.; Athanasopoulou,E.; Grivas, G.; Bougiatioti, A.; et al. Investigating the Role of Organic Aerosol Schemes in the Simulation of Atmospheric Particulate Matter in a Large Mediterranean Urban Agglomeration. Sustainability 2025, 17, 2619. https:\/\/doi.org\/10.3390\/ su17062619<\/li><li>Alexandros G. Koulidis, Athena G. Progiou, Ioannis Sebos and Andreas G. Boudouvis, Exploring Input Parameter Effects on Air Pollution Dispersion Models: Uncertainty and Implications for Environmental Assessments, Environmental Engineering and Management Journal (EEMJ), Volume 23, No. 11\/2024<\/li><li>Irina Guseva Canu, Maud Hemmendinger, Giulia Squillacioti, Federica Ghelli, Thomas Charreau, Jean-Jacques Sauvain, Guillaume Suarez, Nancy B. Hopf, Athena Progiou, Carlos Fito, Enrico Bergamaschi, 142 Short-Term Exposure to Nanomaterials and Effect Biomarkers at Local and Systemic Levels: dose-Response Modelling Results from the Nanoexplore Project, May 2023 Annals of Work Exposures and Health 67 DOI: 10.1093\/annweh\/wxac087.174<\/li><li>Maud Hemmendinger, Giulia Squillacioti, Thomas Charreau, Giacomo Garzaro, Federica Ghelli, Roberto Bono, Jean-Jacques Sauvain, Guillaume Suarez, Nancy B. Hopf, Pascal Wild, Athena Progiou, Carlos Fito, Enrico Bergamaschi, Irina Guseva Canu, Occupational exposure to nanomaterials and biomarkers in exhaled air and urine: Insights from the NanoExplore international cohort, Environment International 179 (2023) 108157<\/li><li>Papadogiannaki, S.; Liora,N.; Parliari, D.; Cheristanidis, S.;Poupkou, A.; Sebos, I.; Progiou, A.;Melas, D. Evaluating the Impact of COVID-19 on the Carbon Footprint of Two Research Projects: a Comparative Analysis. Atmosphere 2023, 14, 1365. https:\/\/doi.org\/10.3390\/atmos 14091365<\/li><li>Irina Guseva Canu, Ekaterina Plys, Camille Velarde Cr\u00e9z\u00e9, Carlos Fito, Nancy B. Hopf, Athena Progiou, Chiara Riganti, Jean-Jacques Sauvain, Giulia Squillacioti, Guillaume Suarez, Pascal Wild &amp; Enrico Bergamaschi\u00a0(2023)A harmonized protocol for an international multicenter prospective study of nanotechnology workers: the NanoExplore cohort,\u00a0Nanotoxicology,\u00a0DOI:\u00a01080\/17435390.2023.2180220<\/li><li>Athena Progiou, Natalia Liora, Ioannis Sebos, Christina Chatzimichail and Dimitrios Melas, Measures and policies for reducing PM exceedances through the use of air quality modeling: The case of Thessaloniki, Greece, Sustainability, Issue 2, 930, Vol. 15, 2023.<\/li><li>Athena G. Progiou, Ioannis Sempos, Aikaterini-Maria Zarogianni, Eirini M. Tsilibari, Anastasios D. Adamopoulos, Petros Varelidis, Air Emission and Pollution Levels during the Pandemic in the Greater Athens Area, Greece, Environmental Engineering and Management Journal, Issue 5, Vol. 21, 2022<\/li><li>Cr\u00e9z\u00e9, C.; Fran\u00e7ois, M.;Hopf, N.B.; Dorribo, V.; Sauvain, J.-J.; Bergamaschi, E.; Garzaro, G.; Domat, M.; Friesl, J.; Penssler, E.; Athena Progiou and Irina Guseva Canu, Producers of Engineered Nanomaterials\u2014What Motivates Company andWorker Participation in Biomonitoring Programs?. Int. J. Environ. Res. Public Health 2021, 18, 3851.\u00a0https:\/\/doi.org\/10.3390\/ijerph18083851<\/li><li>Progiou A.G., E. Bakeas, E. Evangelidou, Ch. Kontogiorgi, E. Lagkadinou and I. Sebos (2021), Air Pollutant Emissions from Piraeus Port: 1 External Costs and Air Quality Levels, Transportation Research Part D,\u00a0https:\/\/doi.org\/10.1016\/j.trd.2020.102586, Vol. 91, 102586.<\/li><li>Koulidis, A.G., Progiou, A.G. &amp; Ziomas, I.C. Air Quality Levels in the Vicinity of Three Major Greek Airports.\u00a0Environ Model Assess\u00a0(2020). https:\/\/doi.org\/10.1007\/s10666-020-09699-6.<\/li><li>Melas D., N. Liora, A. Poupkou, C. Giannaros, S. Dimopoulos, S. Kontos, P. Symeonidis, A.G. Progiou, A. Sitara, D. Economides, I. Ziomas, An Up-to-Date Assessment of the Air Quality in Greece with the Use of Modeling Tools, DOI: 10.1007\/978-3-319-35095-0_161, in book: Perspectives on Atmospheric Sciences (2017).<\/li><li>Sebos I., A. Progiou, L. Kallinikos, P. Eleni, I. Katsavou, K. Mangouta, I. Ziomas, \u201cMitigation and adaptation policies related to climate change in Greece\u201d. Book entitled: \u201dEnergy, Transportation and Global Warming\u201d. P. Grammelis (Ed.), pp. 35-49. Series: Green Energy and Technology. Springer, ISBN 978-3-319-30127-3, DOI 10.1007\/978-3-319-30127-3_4, \u00a0(2016).<\/li><li>Kallinikos L., I. Sebos, A. Progiou, P. Eleni, I. Katsavou, K. Mangouta, I. Ziomas, \u201cGreenhouse gas emissions trends from waste in Greece\u201d. Book entitled \u201dEnergy, Transportation and Global Warming\u201d. P. Grammelis (Ed.). Series: Green Energy and Technology. Springer, ISBN 978-3-319-30127-3 (2016).<\/li><li>Sebos I., A. Progiou, I. Ziomas, \u201cVulnerability Assessment of land-use types with respect to major accident hazards\u201d, Environmental Engineering and Management Journal, Management Journal, vol. 16\/2017, No 9, 1991-1999, ISSN: 15829596, (2017).<\/li><li>Athena G. Progiou and Ioannis C. Ziomas (2015): Predicting annual average particulate concentration in urban areas, Science of the Total Environment 532, 353\u2013359.<\/li><li>Athena Progiou, Ioannis Ziomas (2011): Twenty-Year Road Traffic Emissions Trend in Greece, Water Air Soil Pollut DOI 10.1007\/s11270-011-0859-9.<\/li><li>Athena G. Progiou, Ioannis C. Ziomas (2011):\u00a0 Road traffic emissions impact on air quality of the Greater Athens Area based on a 20 year emissions inventory. Science of the Total Environment DOI information: 10.1016\/ j.scitotenv.2011.09.050<\/li><li>Ioannis Sebos, Athena Progiou, Panagiotis Symeonidisc, Ioannis Ziomas, (2009): Land-use planning in the vicinity of major accident hazard installations in Greece, Journal of Hazardous Materials 179 (2010) 901\u2013910.<\/li><li>Panagiotis Symeonidis, Ioannis Ziomas, Athena Proyou (2004): Development of an Emission Inventory System from Transport in Greece, Environmental Modelling and\u00a0 Software, Vol. 19, Issue 4, pp 413-421.<\/li><li>Panagiotis Symeonidis, Ioannis Ziomas, Athena Proyou (2003): Emissions of Air Pollutants from the Road Transport Sector in Greece: Year to Year Variation and Present Situation., Environmental Technology Vol. 24, Num 6.<\/li><li>Kourtidis, I. C. Ziomas, B. Rappenglueck, A. Proyou and D. Balis (1999): Evaporative Traffic HC Emissions, Traffic CO and Speciated Hydrocarbon Traffic Emissions from the City of Athens. Atmospheric Environment, Vol. 33, pp. 3831-3842<\/li><li>Proyou, A.G., Stathopoulos A. and I.C. Ziomas (1997): Application of a three layer photochemical box model in an Athens street canyon. Journal of Air and Waste Management 48: 427-433, ISSN 1047-3289.<\/li><li>\u039c\u03bf\u03c5\u03c3\u03b9\u03cc\u03c0\u03bf\u03c5\u03bb\u03bf\u03c2 \u039d., \u0391. \u03a0\u03c1\u03cc\u03b3\u03b9\u03bf\u03c5, \u0391. \u039a\u03b1\u03c1\u03b1\u03b3\u03b9\u03b1\u03bd\u03bd\u03af\u03b4\u03b7\u03c2 (1995): \u0395\u03c0\u03b9\u03c0\u03c4\u03ce\u03c3\u03b5\u03b9\u03c2 \u03b1\u03c0\u03cc \u03c4\u03b7\u03bd \u039b\u03b5\u03b9\u03c4\u03bf\u03c5\u03c1\u03b3\u03af\u03b1 \u03c4\u03bf\u03c5 \u0395\u03bb\u03b1\u03c6\u03c1\u03bf\u03cd \u039c\u03b5\u03c4\u03c1\u03cc \u03c3\u03c4\u03b7\u03bd \u03a0\u03bf\u03b9\u03cc\u03c4\u03b7\u03c4\u03b1 \u03c4\u03b7\u03c2 \u0391\u03c4\u03bc\u03cc\u03c3\u03c6\u03b1\u03b9\u03c1\u03b1\u03c2 \u03c4\u03b7\u03c2 \u0398\u03b5\u03c3\u03c3\u03b1\u03bb\u03bf\u03bd\u03af\u03ba\u03b7\u03c2. \u03a4\u03b5\u03c7\u03bd\u03b9\u03ba\u03ac \u03a7\u03c1\u03bf\u03bd\u03b9\u03ba\u03ac, \u0395\u03c0\u03b9\u03c3\u03c4. \u0395\u03ba\u03b4. \u03a4\u0395\u0395, \u0399V, \u03c4\u03b5\u03cd\u03c7. 1-2, \u03c3\u03b5\u03bb. 19-27.<\/li><li>Toupance, A. Proyou, P. Perros and A. L. Dutot (1991): Ozone precursors and ozone meteorological parameters : Relationships in rural areas in France. \u03a0\u03c1\u03b1\u03ba\u03c4\u03b9\u03ba\u03ac \u03a3\u03c5\u03bc\u03c0\u03bf\u03c3\u03af\u03bf\u03c5 Eurotrac &#8217;90 edited by P. Borrell at al., pp. 539-544,\u00a0 SPB Academic Publishing bv, The Hague Netherlands.<\/li><li>Proyou, A.G.,\u00a0 G. Toupance, P.E. Perros (1991): A two years Study of Ozone Behaviour at Rural and Forested Sites in Eastern France. Atmospheric Environment, Vol.25A, pp. 2145-2153.<\/li><li>Ziomas, I.C., C.S. Zerefos, A.F. Bais, A.G. Proyou, G.T. Amanatidis, A.G. Kelessis (1989): Significant Increasing Trends in Surface Ozone in Greece. Environmental Technology Letters, Vol. 10, pp. 1071-1082.<\/li><li>Perros, P., A.G. Proyou and G. Toupance (1989): A two years study of oxidants (PAN and Ozone) in a forested area. Physico-chemical behaviour of atmospheric pollutants&#8221; Commission of European Communities, edited by G. Restelli and G. Angeletti, pp. 424-430, Varese Italy.<\/li><li>Flassak, Th., N. Moussiopoulos, A. Proyou and Ch. Winkler (1992): Preliminary Results of Mesoscale Model Simulations for Thessaloniki. in\u00a0Monitoring and Modelling in the Mesoscale(N. Moussiopoulos and G. Kaiser, eds),\u00a0Bilateral Seminars of the International Bureau, KFA J\u00fclich 9, 195-201.<\/li><li>Moussiopoulos, N. and A. Proyou (1992): Multibox Model Simulations of Photochemical Smog Formation in Thessaloniki. in\u00a0Monitoring and Modelling in the Mesoscale(N. Moussiopoulos and G. Kaiser, eds), Bilateral Seminars of the International Bureau KFA J\u00fclich 9, 203-210.<\/li><li>Moussiopoulos, N. and A. Proyou (1993): Measurements of the Permanent Monitoring Network During the Field Measurement Campaign in\u00a0Thessaloniki91 Field Measurement Campaign\u00a0(N. Moussiopoulos and G. Kaiser, eds), Scientific Series of the International Bureau \/ Forschungszentrum J\u00fclich GmbH 18, 149-185.<\/li><li>Moussiopoulos, N, A. Proyou and P. Sahm (1993): Windflow and Photochemical Smog in Thessaloniki: Model results compared with obsrevations. ITM\u00a0on Air Pollution Modelling and its Application, Valencia, Spain , 29 November-3 December, Vol. 3, 73-80.<\/li><li>Proyou, A.G., and N. Moussiopoulos (1994): Application of a Three Layer Photochemical Dispersion Model to Thessaloniki. Second International Conference on Air Pollution, Vol. I, in\u00a0Computer Simulation(J.M. Baldasano, C.A. Brebbia, H. Power and P. Zannetti, eds), Computational Mechanics Publications, Southampton, Boston, pp. 237-245.<\/li><li>Moussiopoulos N., A. Proyou, A. Karagiannidis and Ch. Nakos (1994): Impacts of Thessaloniki Metro on Urban Air Quality. International Conference: Restoration and Protection of the Environment II, \u03a0\u03ac\u03c4\u03c1\u03b1.<\/li><li>Moussiopoulos N. Syrakov D., Sahm P., Schommers J. and Proyou A. (1994), Simulations of the transboundary transport of air pollutants from Bulgaria to Greece, in\u00a0The EUMAC Zooming Model (EZM): Model Structure and Applications(N. Moussiopoulos, ed), EUROTRAC Report, 117-128.<\/li><li>Moussiopoulos N., Sahm P. and Proyou A. (1994), Numerical simulation of wind flow and ozone formation in Thessaloniki, in\u00a0The EUMAC Zooming Model (EZM): Model Structure and Applications(N. Moussiopoulos, ed), EUROTRAC Report, 129-142.<\/li><li>Proyou, A.G.,\u00a0 Moussiopoulos N. and Karatzas K. (1995): Air Quality Impact caused by the Transfer of the Athens Airport from Hellenikon to Spata. in\u00a0Air Pollution III(Power H., Moussiopoulos N. and Brebbia C.A. eds), Computational Mechanics Publications, Southampton, Vol. 3, 131-139.<\/li><li>\u039e\u03b5\u03bd\u03af\u03b4\u03bf\u03c5 \u0398., \u0391. \u03a0\u03c1\u03cc\u03b3\u03b9\u03bf\u03c5, \u0399. \u0396\u03b9\u03ce\u03bc\u03b1\u03c2 \u03ba\u03b1\u03b9 \u039d.\u03a7. \u039c\u03b1\u03c1\u03ba\u03ac\u03c4\u03bf\u03c2 (1997): \u03a4\u03b1\u03c7\u03b5\u03af\u03b1 \u0395\u03ba\u03c4\u03af\u03bc\u03b7\u03c3\u03b7 \u03c4\u03c9\u03bd \u0395\u03c0\u03b9\u03c0\u03ad\u03b4\u03c9\u03bd \u03a1\u03cd\u03c0\u03b1\u03bd\u03c3\u03b7\u03c2 \u03c3\u03c4\u03b1 \u039c\u03b5\u03b3\u03ac\u03bb\u03b1 \u03a0\u03bf\u03bb\u03b5\u03bf\u03b4\u03bf\u03bc\u03b9\u03ba\u03ac \u03a3\u03c5\u03b3\u03ba\u03c1\u03bf\u03c4\u03ae\u03bc\u03b1\u03c4\u03b1 \u03c4\u03b7\u03c2 \u03a7\u03ce\u03c1\u03b1\u03c2. \u03a0\u03c1\u03b1\u03ba\u03c4\u03b9\u03ba\u03ac \u03c4\u03bf\u03c5 5\u03bf\u03c5\u03a3\u03c5\u03bd\u03b5\u03b4\u03c1\u03af\u03bf\u03c5 \u03a0\u03b5\u03c1\u03b9\u03b2\u03b1\u03bb\u03bb\u03bf\u03bd\u03c4\u03b9\u03ba\u03ce\u03bd \u0395\u03c0\u03b9\u03c3\u03c4\u03b7\u03bc\u03ce\u03bd \u03ba\u03b1\u03b9 \u03a4\u03b5\u03c7\u03bd\u03bf\u03bb\u03bf\u03b3\u03af\u03b1\u03c2, \u039c\u03cc\u03bb\u03c5\u03b2\u03bf\u03c2.<\/li><li>\u03a0\u03c1\u03cc\u03b3\u03b9\u03bf\u03c5 \u0391., \u03a0. \u03a3\u03c5\u03bc\u03b5\u03c9\u03bd\u03af\u03b4\u03b7\u03c2, \u0399. \u0396\u03b9\u03ce\u03bc\u03b1\u03c2 (2000): \u0391\u03c0\u03bf\u03b3\u03c1\u03b1\u03c6\u03ae \u0391\u03ad\u03c1\u03b9\u03c9\u03bd \u0395\u03ba\u03c0\u03bf\u03bc\u03c0\u03ce\u03bd \u03b1\u03c0\u03cc \u039c\u03b5\u03c4\u03b1\u03c6\u03bf\u03c1\u03b9\u03ba\u03ac \u039c\u03ad\u03c3\u03b1. \u03a0\u03c1\u03b1\u03ba\u03c4\u03b9\u03ba\u03ac 1\u03bf\u03c5\u0395\u03b8\u03bd\u03b9\u03ba\u03bf\u03cd \u03a3\u03c5\u03bd\u03b5\u03b4\u03c1\u03af\u03bf\u03c5 \u03bc\u03b5 \u03b8\u03ad\u03bc\u03b1 \u00ab\u03a4\u03b5\u03c7\u03bd\u03bf\u03bb\u03bf\u03b3\u03af\u03b5\u03c2 \u0389\u03c0\u03b9\u03c9\u03bd \u039c\u03bf\u03c1\u03c6\u03ce\u03bd \u0395\u03bd\u03ad\u03c1\u03b3\u03b5\u03b9\u03b1\u03c2 \u03ba\u03b1\u03b9 \u03a0\u03b5\u03c1\u03b9\u03b2\u03ac\u03bb\u03bb\u03bf\u03bd\u03c4\u03bf\u03c2\u00bb, 11-12 \u0394\u03b5\u03ba\u03b5\u03bc\u03b2\u03c1\u03af\u03bf\u03c5 2000, \u0391\u03b8\u03ae\u03bd\u03b1.<\/li><li>Proyou A. Symeonidis P., Ziomas I., \u00abPollutant Emission Inventory From Transport \u0399n Greece\u00bb. 6\u03bf\u03a0\u03b1\u03bd\u03b5\u03bb\u03bb\u03ae\u03bd\u03b9\u03bf \u03a3\u03c5\u03bd\u03ad\u03b4\u03c1\u03b9\u03bf \u039c\u03b5\u03c4\u03b5\u03c9\u03c1\u03bf\u03bb\u03bf\u03b3\u03af\u03b1\u03c2, \u039a\u03bb\u03b9\u03bc\u03b1\u03c4\u03bf\u03bb\u03bf\u03b3\u03af\u03b1\u03c2 \u03ba\u03b1\u03b9 \u03a6\u03c5\u03c3\u03b9\u03ba\u03ae\u03c2 \u03c4\u03b7\u03c2 \u0391\u03c4\u03bc\u03cc\u03c3\u03c6\u03b1\u03b9\u03c1\u03b1\u03c2, 25 \u2013 28 \u03a3\u03b5\u03c0\u03c4\u03b5\u03bc\u03b2\u03c1\u03af\u03bf\u03c5 2002, \u0399\u03c9\u03ac\u03bd\u03bd\u03b9\u03bd\u03b1.<\/li><li>\u0399.\u039a. \u0396\u03b9\u03ce\u03bc\u03b1\u03c2, \u03a0.\u0395. \u03a3\u03c5\u03bc\u03b5\u03c9\u03bd\u03af\u03b4\u03b7\u03c2, \u0391.\u0393. \u03a0\u03c1\u03cc\u03b3\u03b9\u03bf\u03c5, \u0394. \u039c\u03b5\u03bb\u03ac\u03c2, \u03a7. \u039a\u03c5\u03c1\u03b1\u03bd\u03bf\u03cd\u03b4\u03b7\u03c2, \u0391. \u039a\u03c5\u03c1\u03b9\u03b1\u03ba\u03cc\u03c0\u03bf\u03c5\u03bb\u03bf\u03c2, \u0391.\u039d. \u039a\u03b1\u03c1\u03b1\u03b3\u03b9\u03ac\u03bd\u03bd\u03b7\u03c2, \u0399.\u039a. \u03a0\u03b1\u03bd\u03b1\u03b3\u03cc\u03c0\u03bf\u03c5\u03bb\u03bf\u03c2, \u0392. \u0392\u03b5\u03c3\u03ba\u03bf\u03cd\u03ba\u03b7\u03c2, O. \u03a7\u03c1\u03af\u03c3\u03c4\u03bf\u03c5, \u039c. \u039b\u03ac\u03c4\u03c3\u03b1, \u00ab\u0395\u03c0\u03b9\u03c7\u03b5\u03b9\u03c1\u03b7\u03c3\u03b9\u03b1\u03ba\u03cc \u03ba\u03ad\u03bd\u03c4\u03c1\u03bf \u03c0\u03b1\u03c1\u03b1\u03ba\u03bf\u03bb\u03bf\u03cd\u03b8\u03b7\u03c3\u03b7\u03c2 \u03b1\u03c4\u03bc\u03bf\u03c3\u03c6\u03b1\u03b9\u03c1\u03b9\u03ba\u03ae\u03c2 \u03c1\u03cd\u03c0\u03b1\u03bd\u03c3\u03b7\u03c2 \u03ba\u03b1\u03b9 \u03b5\u03c0\u03b9\u03b2\u03bf\u03bb\u03ae\u03c2 \u03b5\u03ba\u03c4\u03ac\u03ba\u03c4\u03c9\u03bd \u03bc\u03ad\u03c4\u03c1\u03c9\u03bd \u03c3\u03c4\u03b7\u03bd \u03b5\u03c5\u03c1\u03cd\u03c4\u03b5\u03c1\u03b7 \u03c0\u03b5\u03c1\u03b9\u03bf\u03c7\u03ae \u03c4\u03b7\u03c2 \u0391\u03b8\u03ae\u03bd\u03b1\u03c2\u00bb. 6\u03bf\u03a0\u03b1\u03bd\u03b5\u03bb\u03bb\u03ae\u03bd\u03b9\u03bf \u03a3\u03c5\u03bd\u03ad\u03b4\u03c1\u03b9\u03bf \u039c\u03b5\u03c4\u03b5\u03c9\u03c1\u03bf\u03bb\u03bf\u03b3\u03af\u03b1\u03c2, \u039a\u03bb\u03b9\u03bc\u03b1\u03c4\u03bf\u03bb\u03bf\u03b3\u03af\u03b1\u03c2 \u03ba\u03b1\u03b9 \u03a6\u03c5\u03c3\u03b9\u03ba\u03ae\u03c2 \u03c4\u03b7\u03c2 \u0391\u03c4\u03bc\u03cc\u03c3\u03c6\u03b1\u03b9\u03c1\u03b1\u03c2, 25 \u2013 28 \u03a3\u03b5\u03c0\u03c4\u03b5\u03bc\u03b2\u03c1\u03af\u03bf\u03c5 2002, \u0399\u03c9\u03ac\u03bd\u03bd\u03b9\u03bd\u03b1.<\/li><li>\u03a0\u03c1\u03cc\u03b3\u03b9\u03bf\u03c5 \u0391\u03b8\u03b7\u03bd\u03ac, \u03a3\u03c5\u03bc\u03b5\u03c9\u03bd\u03af\u03b4\u03b7\u03c2 \u03a0\u03b1\u03bd\u03b1\u03b3\u03b9\u03ce\u03c4\u03b7\u03c2, \u0396\u03b9\u03ce\u03bc\u03b1\u03c2 \u0399\u03c9\u03ac\u03bd\u03bd\u03b7\u03c2, \u00ab\u0395\u03c0\u03b9\u03c7\u03b5\u03b9\u03c1\u03b7\u03c3\u03b9\u03b1\u03ba\u03cc \u03c3\u03c7\u03ad\u03b4\u03b9\u03bf \u03b3\u03b9\u03b1 \u03c4\u03b7\u03bd \u03b1\u03bd\u03c4\u03b9\u03bc\u03b5\u03c4\u03ce\u03c0\u03b9\u03c3\u03b7 \u03c4\u03b7\u03c2 \u03b1\u03c4\u03bc\u03bf\u03c3\u03c6\u03b1\u03b9\u03c1\u03b9\u03ba\u03ae\u03c2 \u03c1\u03cd\u03c0\u03b1\u03bd\u03c3\u03b7\u03c2 \u03c3\u03c4\u03b7\u03bd \u0398\u03b5\u03c3\u03c3\u03b1\u03bb\u03bf\u03bd\u03af\u03ba\u03b7\u00bb, 6\u039f\u03a0\u03b1\u03bd\u03b5\u03bb\u03bb\u03ae\u03bd\u03b9\u03bf \u03a3\u03c5\u03bd\u03ad\u03b4\u03c1\u03b9\u03bf \u03a0\u03b5\u03c1\u03b9\u03b2\u03ac\u03bb\u03bb\u03bf\u03bd\u03c4\u03bf\u03c2, \u0388\u03bd\u03c9\u03c3\u03b7 \u0395\u03bb\u03bb\u03ae\u03bd\u03c9\u03bd \u03a6\u03c5\u03c3\u03b9\u03ba\u03ce\u03bd, \u0398\u03b5\u03c3\u03c3\u03b1\u03bb\u03bf\u03bd\u03af\u03ba\u03b7 9-12\/12\/2004<\/li><li>Proyou A.G. and Ziomas I.C., \u201cDevelopment Of An Operational Action Plan For Confronting With Atmospheric Pollution In Thessaloniki\u201d, 10thInternational Conference on Harmonisation within Atmospheric Dispersion Modelling for Regulatory Purposes, Creta, 17-20\/10\/2005.<\/li><\/ol>\t\t\t\t\t\t\t\t<\/div>\n\t\t\t\t<\/div>\n\t\t\t\t<div class=\"elementor-element elementor-element-0edaee9 elementor-widget-divider--view-line elementor-widget elementor-widget-divider\" data-id=\"0edaee9\" data-element_type=\"widget\" data-e-type=\"widget\" data-widget_type=\"divider.default\">\n\t\t\t\t<div class=\"elementor-widget-container\">\n\t\t\t\t\t\t\t<div class=\"elementor-divider\">\n\t\t\t<span class=\"elementor-divider-separator\">\n\t\t\t\t\t\t<\/span>\n\t\t<\/div>\n\t\t\t\t\t\t<\/div>\n\t\t\t\t<\/div>\n\t\t\t\t\t<\/div>\n\t\t<\/div>\n\t\t\t\t\t<\/div>\n\t\t<\/section>\n\t\t\t\t<\/div>","protected":false},"excerpt":{"rendered":"<p>\u0395\u03c0\u03b9\u03c3\u03c4\u03b7\u03bc\u03bf\u03bd\u03b9\u03ba\u03ad\u03c2 \u0394\u03b7\u03bc\u03bf\u03c3\u03b9\u03b5\u03cd\u03c3\u03b5\u03b9\u03c2 Dimitris K. Papanastasiou, Athanasios I. Gelasakis, Georgios Papadopoulos, Dimitrios Melas, Kostas Douvis, Ioannis Faraslis, Stavros Ch. Keppas, Ioannis Stergiou, Anastasia Poupkou, Dimitris Voloudakis, Athena G. Progiou, John Kapsomenakis, Nikolaos Katsoulas, Projected heat-stress in sheep and cattle in Greece under future climate change scenarios, Agriculture, 2025, Volume 15, Issue 20, 2141 https:\/\/doi.org\/10.3390\/agriculture15202141 Papanastasiou, D.,&hellip;&nbsp;<a href=\"http:\/\/axonenviro.gr\/en\/epistimonikes-dimosieyseis\/\" rel=\"bookmark\">Read More &raquo;<span class=\"screen-reader-text\">Scientific Publications<\/span><\/a><\/p>","protected":false},"author":1,"featured_media":0,"parent":0,"menu_order":0,"comment_status":"closed","ping_status":"closed","template":"page-templates\/template-pagebuilder-full-width.php","meta":{"_acf_changed":false,"neve_meta_sidebar":"full-width","neve_meta_container":"","neve_meta_enable_content_width":"on","neve_meta_content_width":100,"neve_meta_title_alignment":"","neve_meta_author_avatar":"","neve_post_elements_order":"","neve_meta_disable_header":"","neve_meta_disable_footer":"","neve_meta_disable_title":"","footnotes":""},"class_list":["post-547","page","type-page","status-publish","hentry"],"acf":[],"_links":{"self":[{"href":"http:\/\/axonenviro.gr\/en\/wp-json\/wp\/v2\/pages\/547","targetHints":{"allow":["GET"]}}],"collection":[{"href":"http:\/\/axonenviro.gr\/en\/wp-json\/wp\/v2\/pages"}],"about":[{"href":"http:\/\/axonenviro.gr\/en\/wp-json\/wp\/v2\/types\/page"}],"author":[{"embeddable":true,"href":"http:\/\/axonenviro.gr\/en\/wp-json\/wp\/v2\/users\/1"}],"replies":[{"embeddable":true,"href":"http:\/\/axonenviro.gr\/en\/wp-json\/wp\/v2\/comments?post=547"}],"version-history":[{"count":6,"href":"http:\/\/axonenviro.gr\/en\/wp-json\/wp\/v2\/pages\/547\/revisions"}],"predecessor-version":[{"id":1714,"href":"http:\/\/axonenviro.gr\/en\/wp-json\/wp\/v2\/pages\/547\/revisions\/1714"}],"wp:attachment":[{"href":"http:\/\/axonenviro.gr\/en\/wp-json\/wp\/v2\/media?parent=547"}],"curies":[{"name":"wp","href":"https:\/\/api.w.org\/{rel}","templated":true}]}}